{"id":818,"date":"2025-02-06T12:22:34","date_gmt":"2025-02-06T12:22:34","guid":{"rendered":"https:\/\/cegrad.org\/?page_id=818"},"modified":"2025-09-29T05:43:53","modified_gmt":"2025-09-29T05:43:53","slug":"analizeprirucnici","status":"publish","type":"page","link":"https:\/\/cegrad.org\/index.php\/analizeprirucnici\/","title":{"rendered":"Analize &amp; Priru\u010dnici"},"content":{"rendered":"\n<p><img decoding=\"async\" alt=\"\ud83d\udccc\" src=\"https:\/\/fonts.gstatic.com\/s\/e\/notoemoji\/16.0\/1f4cc\/32.png\">&nbsp;<strong>Briga o mladima u Beogradu \u2013 analiza stanja i preporuke<\/strong><br>Koliko Beograd brine o mladima? Koji su klju\u010dni problemi i kako ih re\u0161iti? Analiza&nbsp;<em>Beograd Youth Voice<\/em>&nbsp;donosi detaljan pregled omladinske politike u glavnom gradu, identifikuje klju\u010dne izazove i predla\u017ee konkretne mere za unapre\u0111enje sistema podr\u0161ke mladima. Fokus je na koordinaciji institucija, dostupnosti omladinskih prostora, finansiranju omladinskih inicijativa i participaciji mladih u dono\u0161enju odluka.<br>Autor: Du\u0161ko Krsti\u0107<\/p>\n\n\n\n<p><img decoding=\"async\" alt=\"\ud83d\udcc4\" src=\"https:\/\/fonts.gstatic.com\/s\/e\/notoemoji\/16.0\/1f4c4\/32.png\">&nbsp;<strong>Preuzmite analizu&nbsp;<a href=\"https:\/\/cegrad.org\/wp-content\/uploads\/2024\/04\/Analza-stanja-lokalnih-Saveta-za-mlade-u-Republici-Srbiji-2024.pdf\" rel=\"noreferrer noopener\" target=\"_blank\">ovde<\/a><\/strong>.<\/p>\n\n\n\n<p><strong>\ud83d\udccc U potrazi za odr\u017eivim modelom omladinskih klubova u zajednici<\/strong><br>Kako omladinski klubovi mogu da opstanu i razvijaju se? Koji su klju\u010dni faktori njihove odr\u017eivosti? Na osnovu istra\u017eivanja sprovedenog u saradnji sa UNICEF-om i PBILD programom, analizirali smo izazove i predlo\u017eili konkretne mere za unapre\u0111enje omladinskih klubova u lokalnim zajednicama. Dokument je namenjen donosiocima odluka, omladinskim organizacijama i svima koji \u017eele da doprinesu ja\u010danju omladinske politike.<br>Koautori: Admir Veljovi\u0107 i Du\u0161ko Krsti\u0107<\/p>\n\n\n\n<p>\ud83d\udcc4 <strong>Preuzmite dokument <a href=\"https:\/\/drive.google.com\/file\/d\/1zkGTsRqKTei0e_b6U-yr57heqDWI60gM\/view?usp=sharing\" data-type=\"link\" data-id=\"https:\/\/drive.google.com\/file\/d\/1zkGTsRqKTei0e_b6U-yr57heqDWI60gM\/view?usp=sharing\" target=\"_blank\" rel=\"noreferrer noopener\">ovde<\/a><\/strong>.<\/p>\n\n\n\n<p>\ud83d\udccc <strong>Informacija kao zajednica \u2013 priru\u010dnik za omladinske radnike<\/strong><br>Kako informativni omladinski rad mo\u017ee doprineti osna\u017eivanju mladih i kreiranju zajednica kroz dostupne, participativne i eti\u010dke informacije? Ovaj priru\u010dnik istra\u017euje moderne pristupe informisanju mladih, oslanjaju\u0107i se na savremene izazove medijske pismenosti, digitalne nejednakosti i dru\u0161tvenih mre\u017ea. Namenjen je omladinskim radnicima, organizacijama i svima koji \u017eele da unaprede omladinski rad kroz kvalitetne informacione strategije.<br>Autori: Admir Veljovi\u0107, Du\u0161ko Krsti\u0107 i Andrea Kor\u0161i\u0107<\/p>\n\n\n\n<p>\ud83d\udcc4 <strong>Preuzmite priru\u010dnik <a href=\"https:\/\/learn.youth.rs\/pluginfile.php\/144\/mod_forum\/post\/1\/informacija_kao_zajednica_prirucnik.pdf\" target=\"_blank\" rel=\"noreferrer noopener\">ovde<\/a><\/strong>.<\/p>\n\n\n\n<p><\/p>\n\n\n\n<p>\ud83d\udccc <strong>Gra\u0111ansko u\u010de\u0161\u0107e 2.0: Transformacija lokalnih Saveta za mlade<\/strong><br>Koliko su lokalni Saveti za mlade u Srbiji funkcionalni? Koji su klju\u010dni izazovi u njihovom radu i kako ih u\u010diniti efikasnijim? Ova analiza pru\u017ea dubinski uvid u trenutno stanje Saveta, poredi modele iz regiona i nudi preporuke za unapre\u0111enje omladinske participacije u dono\u0161enju odluka.<br>Autor: Du\u0161ko Krsti\u0107<\/p>\n\n\n\n<p>\ud83d\udcc4 <strong>Preuzmite analizu <a href=\"https:\/\/cegrad.org\/wp-content\/uploads\/2024\/04\/Analza-stanja-lokalnih-Saveta-za-mlade-u-Republici-Srbiji-2024.pdf\" target=\"_blank\" rel=\"noreferrer noopener\">ovde<\/a><\/strong>.<\/p>\n\n\n\n<p>\ud83d\udccc <strong>Predlog prakti\u010dne politike za unapre\u0111enje rada lokalnih Saveta za mlade<\/strong><br>Kako osigurati da lokalni Saveti za mlade budu funkcionalni i inkluzivni? Ovaj dokument analizira trenutno stanje, identifikuje klju\u010dne izazove i nudi konkretne preporuke za unapre\u0111enje omladinske participacije u lokalnim zajednicama. Predlog obuhvata zakonske izmene, transparentne procedure izbora \u010dlanova, sistematsko finansiranje i ja\u010danje kapaciteta Saveta za mlade \u0161irom Srbije.<br>Autor: Du\u0161ko Krsti\u0107<\/p>\n\n\n\n<p>\ud83d\udcc4 <strong>Preuzmite dokument <a href=\"https:\/\/cegrad.org\/wp-content\/uploads\/2024\/10\/policy2682024-bind2-1.pdf\">ovde<\/a><\/strong>.<\/p>\n\n\n\n<p>\ud83d\udccc <strong>Priru\u010dnik za izradu dokumenta javne politike za mlade na lokalnom nivou<\/strong><br>Kako se kreiraju strategije i akcioni planovi za mlade? Ovaj priru\u010dnik pru\u017ea sveobuhvatan vodi\u010d kroz proces izrade dokumenata javnih politika na lokalnom nivou, od istra\u017eivanja potreba do usvajanja i implementacije. Namenjen je lokalnim samoupravama, omladinskim organizacijama i donosiocima odluka koji \u017eele da unaprede polo\u017eaj mladih kroz sistemske promene.<br>Autor: Du\u0161ko Krsti\u0107<\/p>\n\n\n\n<p>\ud83d\udcc4 <strong>Preuzmite priru\u010dnik <a href=\"https:\/\/drive.google.com\/file\/d\/1gSb6C6jnG4XGNszw0jwyaqGbWjQzuVDD\/view?usp=sharing\" target=\"_blank\" rel=\"noreferrer noopener\">ovde<\/a><\/strong>.<\/p>\n\n\n\n<p><\/p>\n","protected":false},"excerpt":{"rendered":"<p>&nbsp;Briga o mladima u Beogradu \u2013 analiza stanja i preporukeKoliko Beograd brine o mladima? Koji su klju\u010dni problemi i kako ih re\u0161iti? Analiza&nbsp;Beograd Youth Voice&nbsp;donosi detaljan pregled omladinske politike u glavnom gradu, identifikuje klju\u010dne izazove i predla\u017ee konkretne mere za unapre\u0111enje sistema podr\u0161ke mladima. Fokus je na koordinaciji institucija, dostupnosti omladinskih prostora, finansiranju omladinskih inicijativa i participaciji mladih u dono\u0161enju [&hellip;]<\/p>\n","protected":false},"author":1,"featured_media":0,"parent":0,"menu_order":0,"comment_status":"closed","ping_status":"closed","template":"","meta":{"footnotes":""},"class_list":["post-818","page","type-page","status-publish","hentry"],"_links":{"self":[{"href":"https:\/\/cegrad.org\/index.php\/wp-json\/wp\/v2\/pages\/818","targetHints":{"allow":["GET"]}}],"collection":[{"href":"https:\/\/cegrad.org\/index.php\/wp-json\/wp\/v2\/pages"}],"about":[{"href":"https:\/\/cegrad.org\/index.php\/wp-json\/wp\/v2\/types\/page"}],"author":[{"embeddable":true,"href":"https:\/\/cegrad.org\/index.php\/wp-json\/wp\/v2\/users\/1"}],"replies":[{"embeddable":true,"href":"https:\/\/cegrad.org\/index.php\/wp-json\/wp\/v2\/comments?post=818"}],"version-history":[{"count":9,"href":"https:\/\/cegrad.org\/index.php\/wp-json\/wp\/v2\/pages\/818\/revisions"}],"predecessor-version":[{"id":844,"href":"https:\/\/cegrad.org\/index.php\/wp-json\/wp\/v2\/pages\/818\/revisions\/844"}],"wp:attachment":[{"href":"https:\/\/cegrad.org\/index.php\/wp-json\/wp\/v2\/media?parent=818"}],"curies":[{"name":"wp","href":"https:\/\/api.w.org\/{rel}","templated":true}]}}