{"id":432,"date":"2022-05-11T11:31:40","date_gmt":"2022-05-11T11:31:40","guid":{"rendered":"https:\/\/bizbergthemes.com\/fully-green-lite\/?page_id=432"},"modified":"2024-11-21T10:45:46","modified_gmt":"2024-11-21T10:45:46","slug":"our-services","status":"publish","type":"page","link":"https:\/\/cegrad.org\/index.php\/our-services\/","title":{"rendered":"Programi"},"content":{"rendered":"\n<p>Centar za gra\u0111ansko delovanje (CeGraD) kroz svoje programe stvara mogu\u0107nosti i pru\u017ea podr\u0161ku gra\u0111anima, posebno mladima, kako bi maksimalno iskoristili svoje potencijale i preuzeli aktivnu ulogu u svojim zajednicama.<\/p>\n\n\n\n<p>Na\u0161i programi obuhvataju:<\/p>\n\n\n\n<ul class=\"wp-block-list\">\n<li><strong>Podr\u0161ka gra\u0111anskim inicijativama<\/strong><br>Podsti\u010demo razvoj lokalnih inicijativa kroz mentorstvo, finansijsku podr\u0161ku i edukaciju, sa ciljem osna\u017eivanja neformalnih grupa i ja\u010danja aktivnog u\u010de\u0161\u0107a u zajednici.<\/li>\n\n\n\n<li><strong>Javno zagovaranje i unapre\u0111enje javnih politika<\/strong><br>Radimo na razvoju i unapre\u0111enju omladinskih i gra\u0111anskih politika kroz analizu, formulisanje predloga i zagovaranje promena koje osiguravaju ve\u0107u uklju\u010denost gra\u0111ana u procese dono\u0161enja odluka.<\/li>\n\n\n\n<li><strong>Volonterizam i dru\u0161tveni aktivizam<\/strong><br>Organizujemo volonterske akcije i programe koji promovi\u0161u solidarnost, dru\u0161tvenu odgovornost i aktivan doprinos zajednici.<\/li>\n\n\n\n<li><strong>Informisanje i savetovanje mladih<\/strong><br>Pru\u017eamo informacije i resurse mladima preko portala <strong>youth.rs<\/strong>, kao i kroz direktno savetovanje i podr\u0161ku u procesima edukacije, zapo\u0161ljavanja i volontiranja.<\/li>\n\n\n\n<li><strong>Neformalno obrazovanje<\/strong><br>Sprovodimo obuke, radionice i programe koji razvijaju ve\u0161tine potrebne za liderstvo, upravljanje projektima i aktivno u\u010de\u0161\u0107e u dru\u0161tvenim procesima.<\/li>\n<\/ul>\n\n\n\n<p>Svi na\u0161i programi su osmi\u0161ljeni tako da odgovore na potrebe zajednice i doprinesu razvoju gra\u0111anskog dru\u0161tva kroz uklju\u010divanje, obrazovanje i podr\u0161ku gra\u0111anima.<\/p>\n\n\n\n<p><\/p>\n\n\n\n<p><\/p>\n","protected":false},"excerpt":{"rendered":"<p>Centar za gra\u0111ansko delovanje (CeGraD) kroz svoje programe stvara mogu\u0107nosti i pru\u017ea podr\u0161ku gra\u0111anima, posebno mladima, kako bi maksimalno iskoristili svoje potencijale i preuzeli aktivnu ulogu u svojim zajednicama. Na\u0161i programi obuhvataju: Svi na\u0161i programi su osmi\u0161ljeni tako da odgovore na potrebe zajednice i doprinesu razvoju gra\u0111anskog dru\u0161tva kroz uklju\u010divanje, obrazovanje i podr\u0161ku gra\u0111anima.<\/p>\n","protected":false},"author":1,"featured_media":0,"parent":0,"menu_order":0,"comment_status":"closed","ping_status":"closed","template":"","meta":{"footnotes":""},"class_list":["post-432","page","type-page","status-publish","hentry"],"_links":{"self":[{"href":"https:\/\/cegrad.org\/index.php\/wp-json\/wp\/v2\/pages\/432","targetHints":{"allow":["GET"]}}],"collection":[{"href":"https:\/\/cegrad.org\/index.php\/wp-json\/wp\/v2\/pages"}],"about":[{"href":"https:\/\/cegrad.org\/index.php\/wp-json\/wp\/v2\/types\/page"}],"author":[{"embeddable":true,"href":"https:\/\/cegrad.org\/index.php\/wp-json\/wp\/v2\/users\/1"}],"replies":[{"embeddable":true,"href":"https:\/\/cegrad.org\/index.php\/wp-json\/wp\/v2\/comments?post=432"}],"version-history":[{"count":3,"href":"https:\/\/cegrad.org\/index.php\/wp-json\/wp\/v2\/pages\/432\/revisions"}],"predecessor-version":[{"id":799,"href":"https:\/\/cegrad.org\/index.php\/wp-json\/wp\/v2\/pages\/432\/revisions\/799"}],"wp:attachment":[{"href":"https:\/\/cegrad.org\/index.php\/wp-json\/wp\/v2\/media?parent=432"}],"curies":[{"name":"wp","href":"https:\/\/api.w.org\/{rel}","templated":true}]}}